{"id":21,"date":"2019-07-25T10:29:59","date_gmt":"2019-07-25T07:29:59","guid":{"rendered":"http:\/\/kuafor.me\/?page_id=21"},"modified":"2024-11-14T19:50:20","modified_gmt":"2024-11-14T16:50:20","slug":"kuafor","status":"publish","type":"page","link":"http:\/\/kuafor.me\/index.php\/kuafor\/","title":{"rendered":"Kuaf\u00f6r"},"content":{"rendered":"\n<h2 class=\"wp-block-heading\">SACH \u00ae&nbsp; KUAF\u00d6R by Murat Koluk\u0131r\u0131k<\/h2>\n\n\n\n<p>1985 Y\u0131l\u0131ndan g\u00fcn\u00fcm\u00fcze kadar kuaf\u00f6r sekt\u00f6r\u00fcnde hizmet veren <strong><em><a href=\"http:\/\/www.muratkolukirik.com\/\" target=\"_blank\" rel=\"noreferrer noopener\" aria-label=\" (yeni sekmede a\u00e7\u0131l\u0131r)\">Kuaf\u00f6r<\/a><\/em><\/strong> ve <strong>Sa\u00e7 Kaynak UZMANI Murat Koluk\u0131r\u0131k <\/strong>kuaf\u00f6rl\u00fck  sanat\u0131n\u0131n ine bir zevk ve yetenek oldu\u011funun ve bu sanat\u0131n yenilikler ve  teknolojik geli\u015fmelerle daha ileriye ta\u015f\u0131nabilece\u011fini kuaf\u00f6rl\u00fck  sanat\u0131na ilk ba\u015flad\u0131\u011f\u0131 sene ke\u015ffetmi\u015fti.<\/p>\n\n\n\n<p>Bu ke\u015fif sonras\u0131 teknolojik, artistik ve sanatsal yenilikleri yerinde\n takip ederek Kuaf\u00f6rl\u00fck sanat\u0131nda devaml\u0131 g\u00fcncel ve ileri sa\u00e7 kesim, sa\u00e7\n boyama ve renklendirme, ki\u015fiye \u00f6zel topuz sa\u00e7 modelleri ve r\u00f6fle balyaj\n tekniklerini her d\u00f6nemde g\u00fcncelleyerek b\u00fcnyesinde bar\u0131nd\u0131rmaktad\u0131r.<\/p>\n\n\n\n<p><strong>Kuaf\u00f6r<\/strong> sekt\u00f6r\u00fcnde ki geli\u015fmeleri yak\u0131ndan takip amac\u0131 ile her y\u0131l modan\u0131n kalbi Fransa Paris, <strong>Kuaf\u00f6r<\/strong> ekipmanlar\u0131 ve <strong><a href=\"http:\/\/www.sackaynak.com.tr\/\" target=\"_blank\" rel=\"noreferrer noopener\" aria-label=\" (yeni sekmede a\u00e7\u0131l\u0131r)\">Sa\u00e7 KAYNAK<\/a><\/strong>  teknolojilerinin devrimlerini ger\u00e7ekle\u015ftiren Amerika ve di\u011fer Avrupa  \u00fclkelerini i\u015f ama\u00e7l\u0131 ziyaret ederek kuaf\u00f6r fuarlar\u0131 festivalleri ve her  t\u00fcrl\u00fc etkinlikte yer alarak sa\u00e7 modas\u0131 ve trendlerini an\u0131nda uygulayan  bir kuaf\u00f6r olarak hizmet vermektedir.<\/p>\n\n\n\n<p>1996 y\u0131l\u0131nda Amerika New York ve Washington \u015fehirlerinde Hollywood \nd\u00fcnyas\u0131n\u0131n sa\u00e7 kaynak i\u015flemlerini yapmakta olan sa\u00e7 kaynak uzmanlar\u0131ndan\n Sa\u00e7 Kaynak ve Sa\u00e7 Uzatma e\u011fitimleri alm\u0131\u015f ve o d\u00f6nemlerde T\u00fcrkiye\u2019de \nbilinmekte olan silikon sa\u00e7 kayna\u011fa veda ederek. Son sistem sa\u00e7 kaynak \nuygulamalar\u0131n\u0131 T\u00fcrkiye\u2019ye getirerek Sa\u00e7 Kaynak ak\u0131m\u0131n\u0131n da yenilikler \ngetirerek ilklere imza atm\u0131\u015ft\u0131r.<\/p>\n\n\n\n<p><strong>Sa\u00e7 Kaynak<\/strong> e\u011fitimleri \u00f6ncesi profesyonel bir kuaf\u00f6r \nve sa\u00e7 kaynak uygulamac\u0131s\u0131 olmas\u0131na ra\u011fmen \u00f6\u011frenecek \u00e7ok \u015feyinin \noldu\u011funu g\u00f6rm\u00fc\u015f ve farkl\u0131 kaliteli sa\u00e7 kaynaklar\u0131 uygulamas\u0131na devam \netmi\u015ftir. Sizde ciddi anlamda sa\u00e7 kaynak kullan\u0131c\u0131s\u0131 iseniz <strong>Sa\u00e7 Kayna<\/strong>k uzman\u0131 Kuaf\u00f6r <strong><em>Murat Koluk\u0131r\u0131k<\/em><\/strong> taraf\u0131ndan <strong><em>sa\u00e7 kaynak<\/em><\/strong> uygulamas\u0131 fark\u0131n\u0131 ya\u015famal\u0131s\u0131n\u0131z.<\/p>\n\n\n\n<p><strong>Kuaf\u00f6r Murat Koluk\u0131r\u0131k\u2019\u0131n Ald\u0131\u011f\u0131 Kuaf\u00f6rl\u00fck ve Sa\u00e7 Uzatma Sistemleri Sa\u00e7 Kaynak E\u011fitimi<\/strong><\/p>\n\n\n\n<p><strong>1. \u201cHair Extensions System<\/strong>\u201d E\u011fitimi Washington USA <em>Hair World<\/em> \u2018<em>96<\/em> 1996<\/p>\n\n\n\n<p><strong><em>2. <\/em><\/strong>Kuaf\u00f6r<em> Jack Dessange &nbsp;Abiye Topuz Tasar\u0131m E\u011fitimi Fransa<\/em><\/p>\n\n\n\n<p><strong>3. <\/strong><em>Sa\u00e7 Kesim ve \u015eekillendirme Staj\u0131 <\/em>Kuaf\u00f6r<em> &nbsp;Toni &amp; Guy dan <\/em>Anthony Mascolo\u2019dan <em>Kesim ve \u015eekillendir <\/em><\/p>\n\n\n\n<p>5.&nbsp;&nbsp;Kuaf\u00f6r<strong> &nbsp;Sa\u00e7 Boyama<\/strong> Eksperi E\u011fitimi L\u2019Or\u00e9al 1994 \n(Bu e\u011fitim daha sonraki y\u0131llar de\u011fi\u015fen teknoloji ve yenilikleri de \nbar\u0131nd\u0131rarak her sene g\u00fcncellenmi\u015ftir. Fransa<\/p>\n\n\n\n<p>6.&nbsp;&nbsp;&nbsp;&nbsp;&nbsp;&nbsp;&nbsp; Vizajizm ve Colorscopie \u00ae Bayan <strong>Brigitte Gautier<\/strong> den E\u011fitimleri 1999 Fransa<\/p>\n\n\n\n<p>7.&nbsp;&nbsp;&nbsp;&nbsp;&nbsp;&nbsp;&nbsp; Total Look, image Maker, Fransa<\/p>\n\n\n\n<p>8.&nbsp;&nbsp;&nbsp;&nbsp;&nbsp;&nbsp;&nbsp; Sa\u00e7 Kesim ve Renklendirme Staj\u0131 Paris\u2019in \u00dcnl\u00fc Kuaf\u00f6r lerinden <strong>Jean Claude Biguine<\/strong> taraf\u0131ndan 1999 y\u0131l\u0131nda. Fransa<\/p>\n\n\n\n<p>9.&nbsp;&nbsp;&nbsp;&nbsp;&nbsp;&nbsp;&nbsp; Kuaf\u00f6r <em>Salon i\u015fletmecili, Personel ve M\u00fc\u015fteri ili\u015fkileri E\u011fitimi <\/em><strong><em>Jean Pierre<\/em> Couriaut<\/strong> taraf\u0131ndan 3. Y\u0131ll\u0131k d\u00f6nemde tamamlanm\u0131\u015ft\u0131r. Bolu Abant<\/p>\n\n\n\n<p>10.&nbsp;&nbsp;&nbsp;&nbsp; <em>Perma Teknikleri, R\u00f6fle ve Balyaj Teknikleri ve say\u0131s\u0131z<\/em> Kuaf\u00f6r<em> seminer ve <\/em>Kuaf\u00f6r<em> e\u011fitimleri. <\/em><\/p>\n\n\n\n<div class=\"wp-block-image\"><figure class=\"alignleft\"><a href=\"https:\/\/web.archive.org\/web\/20180905163803\/http:\/\/www.kuafor.me\/wp-content\/uploads\/2010\/10\/Haute-Couture-Hair-Designer-Murat-Koluk\u0131r\u0131k.jpg\"><img decoding=\"async\" src=\"https:\/\/web.archive.org\/web\/20180905163803im_\/http:\/\/www.kuafor.me\/wp-content\/uploads\/2010\/10\/Haute-Couture-Hair-Designer-Murat-Koluk\u0131r\u0131k.jpg\" alt=\"Haute Couture Hair Designer Murat Koluk\u0131r\u0131k\" class=\"wp-image-12\"\/><\/a><figcaption>Haute Couture Hair Designer Murat Koluk\u0131r\u0131k<\/figcaption><\/figure><\/div>\n\n\n\n<div class=\"wp-block-image\"><figure class=\"alignright\"><a href=\"https:\/\/web.archive.org\/web\/20180905163803\/http:\/\/www.kuafor.me\/wp-content\/uploads\/2010\/10\/imza.png\" rel=\"wp-prettyPhoto[21]\"><img decoding=\"async\" src=\"https:\/\/web.archive.org\/web\/20180905163803im_\/http:\/\/www.kuafor.me\/wp-content\/uploads\/2010\/10\/imza.png\" alt=\"Haute Couture Hair Designer Sa\u00e7 Kaynak Uzman\u0131 Murat Koluk\u0131r\u0131k\" class=\"wp-image-14\"\/><\/a><figcaption>Haute Couture Hair Designer Sa\u00e7 Kaynak Uzman\u0131 Murat Koluk\u0131r\u0131k<\/figcaption><\/figure><\/div>\n","protected":false},"excerpt":{"rendered":"<p>SACH \u00ae&nbsp; KUAF\u00d6R by Murat Koluk\u0131r\u0131k 1985 Y\u0131l\u0131ndan g\u00fcn\u00fcm\u00fcze kadar kuaf\u00f6r sekt\u00f6r\u00fcnde hizmet veren Kuaf\u00f6r ve Sa\u00e7 Kaynak UZMANI Murat Koluk\u0131r\u0131k kuaf\u00f6rl\u00fck sanat\u0131n\u0131n ine bir zevk ve yetenek oldu\u011funun ve bu sanat\u0131n yenilikler ve teknolojik geli\u015fmelerle daha ileriye ta\u015f\u0131nabilece\u011fini kuaf\u00f6rl\u00fck sanat\u0131na ilk ba\u015flad\u0131\u011f\u0131 sene ke\u015ffetmi\u015fti. Bu ke\u015fif<\/p>\n","protected":false},"author":1,"featured_media":0,"parent":0,"menu_order":0,"comment_status":"closed","ping_status":"closed","template":"","meta":{"footnotes":""},"tags":[],"class_list":["post-21","page","type-page","status-publish","hentry"],"aioseo_notices":[],"_links":{"self":[{"href":"http:\/\/kuafor.me\/index.php\/wp-json\/wp\/v2\/pages\/21","targetHints":{"allow":["GET"]}}],"collection":[{"href":"http:\/\/kuafor.me\/index.php\/wp-json\/wp\/v2\/pages"}],"about":[{"href":"http:\/\/kuafor.me\/index.php\/wp-json\/wp\/v2\/types\/page"}],"author":[{"embeddable":true,"href":"http:\/\/kuafor.me\/index.php\/wp-json\/wp\/v2\/users\/1"}],"replies":[{"embeddable":true,"href":"http:\/\/kuafor.me\/index.php\/wp-json\/wp\/v2\/comments?post=21"}],"version-history":[{"count":1,"href":"http:\/\/kuafor.me\/index.php\/wp-json\/wp\/v2\/pages\/21\/revisions"}],"predecessor-version":[{"id":23,"href":"http:\/\/kuafor.me\/index.php\/wp-json\/wp\/v2\/pages\/21\/revisions\/23"}],"wp:attachment":[{"href":"http:\/\/kuafor.me\/index.php\/wp-json\/wp\/v2\/media?parent=21"}],"wp:term":[{"taxonomy":"post_tag","embeddable":true,"href":"http:\/\/kuafor.me\/index.php\/wp-json\/wp\/v2\/tags?post=21"}],"curies":[{"name":"wp","href":"https:\/\/api.w.org\/{rel}","templated":true}]}}