{"id":24,"date":"2019-07-25T10:33:07","date_gmt":"2019-07-25T07:33:07","guid":{"rendered":"http:\/\/kuafor.me\/?page_id=24"},"modified":"2024-11-14T19:50:20","modified_gmt":"2024-11-14T16:50:20","slug":"cit-cit","status":"publish","type":"page","link":"http:\/\/kuafor.me\/index.php\/cit-cit\/","title":{"rendered":"\u00c7\u0131t \u00c7\u0131t"},"content":{"rendered":"\n<h2 class=\"wp-block-heading\">\u00c7\u0131t \u00c7\u0131t Posti\u015f Sa\u00e7<\/h2>\n\n\n\n<div class=\"wp-block-image\"><figure class=\"alignright\"><a href=\"https:\/\/web.archive.org\/web\/20180905161033\/http:\/\/www.kuafor.me\/wp-content\/uploads\/2010\/10\/keratin-sac-kaynak-modeli.jpg\" rel=\"wp-prettyPhoto[24]\"><img decoding=\"async\" src=\"https:\/\/web.archive.org\/web\/20180905161033im_\/http:\/\/www.kuafor.me\/wp-content\/uploads\/2010\/10\/keratin-sac-kaynak-modeli-266x300.jpg\" alt=\"\u00c7\u0131t \u00c7\u0131t Posti\u015f\" class=\"wp-image-107\"\/><\/a><figcaption>\u00c7\u0131t \u00c7\u0131t Posti\u015f<\/figcaption><\/figure><\/div>\n\n\n\n<p>Ger\u00e7ek \u0130insan sa\u00e7\u0131 <em><strong>\u00e7\u0131t \u00e7\u0131t<\/strong><\/em> ve <em><strong>posti\u015f<\/strong><\/em> setleri sosyal ya\u015fant\u0131m\u0131zda bak\u0131ml\u0131 sa\u00e7lara her an sahip olman\u0131n kolay bir yolu.<em><strong> \u00c7\u0131t \u00c7\u0131t Posti\u015f<\/strong><\/em> set halinde sat\u0131lmaktad\u0131r. \u00c7\u0131t \u00c7\u0131t Posti\u015f sa\u00e7lar\u0131 istedi\u011finiz adet ve miktarda ihtiyac\u0131n\u0131za g\u00f6re sat\u0131n alabilirsiniz.<\/p>\n\n\n\n<p>\u00c7\u0131t \u00c7\u0131t Posti\u015f sa\u00e7lar\u0131m\u0131z 100% Ger\u00e7ek \u0130nsan Sa\u00e7\u0131ndan \u00fcretilmektedir. \n\u00c7\u0131t \u00c7\u0131t Posti\u015f setlerinmizde kulland\u0131\u011f\u0131m\u0131z ham sa\u00e7lar T\u00fcrkmenistan ve \n\u00d6zbekistan\u2019dan ithal edilmektedir.<\/p>\n\n\n\n<h2 class=\"wp-block-heading\">\u00c7\u0131t \u00c7\u0131t Posti\u015f Sa\u00e7 Nas\u0131l Yap\u0131l\u0131r?<\/h2>\n\n\n\n<p>Ham sa\u00e7 tutamlar\u0131 tress halinde dikilir.<\/p>\n\n\n\n<div class=\"wp-block-image\"><figure class=\"alignleft\"><a href=\"https:\/\/web.archive.org\/web\/20180905161033\/http:\/\/www.kuafor.me\/wp-content\/uploads\/2010\/10\/tress-sac.jpg\" rel=\"wp-prettyPhoto[24]\"><img decoding=\"async\" src=\"https:\/\/web.archive.org\/web\/20180905161033im_\/http:\/\/www.kuafor.me\/wp-content\/uploads\/2010\/10\/tress-sac.jpg\" alt=\"Tress Olarak Dikilmi\u015f Ham Sa\u00e7\" class=\"wp-image-105\"\/><\/a><figcaption>Tress Olarak Dikilmi\u015f Ham Sa\u00e7<\/figcaption><\/figure><\/div>\n\n\n\n<p>Daha sonra tress olarak dikilmi\u015f sa\u00e7 pamuklu bir ektrafor \u00fczerine istenilen yo\u011funlukta 4 kat dikilir.<\/p>\n\n\n\n<div class=\"wp-block-image\"><figure class=\"aligncenter\"><a href=\"https:\/\/web.archive.org\/web\/20180905161033\/http:\/\/www.kuafor.me\/wp-content\/uploads\/2010\/10\/Ektrafor.jpg\" rel=\"wp-prettyPhoto[24]\"><img decoding=\"async\" src=\"https:\/\/web.archive.org\/web\/20180905161033im_\/http:\/\/www.kuafor.me\/wp-content\/uploads\/2010\/10\/Ektrafor-150x150.jpg\" alt=\"Ektrafor\" class=\"wp-image-106\"\/><\/a><figcaption>Ektrafor<\/figcaption><\/figure><\/div>\n\n\n\n<p>Ektrafor \u00fczerine dikilmi\u015f tress sa\u00e7lar en son olarak istenilen boylarda kesilerek \u00fczerine <em><strong>\u00e7\u0131t \u00e7\u0131t<\/strong><\/em> diye adland\u0131r\u0131lan klips sa\u00e7 tokalar\u0131 tak\u0131l\u0131r ve kullan\u0131ma haz\u0131r <em><strong>\u00e7\u0131t \u00e7\u0131t posti\u015f<\/strong><\/em> sa\u00e7\u0131n\u0131z haz\u0131r hale gelmektedir.<\/p>\n\n\n\n<div class=\"wp-block-image\"><figure class=\"alignleft\"><a href=\"https:\/\/web.archive.org\/web\/20180905161033\/http:\/\/www.kuafor.me\/wp-content\/uploads\/2010\/10\/cit-cit-sac-postis-rofle.jpg\" rel=\"wp-prettyPhoto[24]\"><img decoding=\"async\" src=\"https:\/\/web.archive.org\/web\/20180905161033im_\/http:\/\/www.kuafor.me\/wp-content\/uploads\/2010\/10\/cit-cit-sac-postis-rofle-225x300.jpg\" alt=\"\u00c7\u0131t \u00c7\u0131t \" class=\"wp-image-123\"\/><\/a><figcaption>\u00c7\u0131t \u00c7\u0131t <\/figcaption><\/figure><\/div>\n\n\n\n<div class=\"wp-block-image\"><figure class=\"alignleft\"><a href=\"https:\/\/web.archive.org\/web\/20180905161033\/http:\/\/www.kuafor.me\/wp-content\/uploads\/2010\/10\/cit-cit-sac-postis-platin.jpg\" rel=\"wp-prettyPhoto[24]\"><img decoding=\"async\" src=\"https:\/\/web.archive.org\/web\/20180905161033im_\/http:\/\/www.kuafor.me\/wp-content\/uploads\/2010\/10\/cit-cit-sac-postis-platin-225x300.jpg\" alt=\"\u00c7\u0131t \u00c7\u0131t \" class=\"wp-image-122\"\/><\/a><figcaption>\u00c7\u0131t \u00c7\u0131t <\/figcaption><\/figure><\/div>\n\n\n\n<div class=\"wp-block-image\"><figure class=\"alignleft\"><a href=\"https:\/\/web.archive.org\/web\/20180905161033\/http:\/\/www.kuafor.me\/wp-content\/uploads\/2010\/10\/cit-cit-sac-postis-kullu-sari.jpg\" rel=\"wp-prettyPhoto[24]\"><img decoding=\"async\" src=\"https:\/\/web.archive.org\/web\/20180905161033im_\/http:\/\/www.kuafor.me\/wp-content\/uploads\/2010\/10\/cit-cit-sac-postis-kullu-sari-225x300.jpg\" alt=\"\u00c7\u0131t \u00c7\u0131t \" class=\"wp-image-121\"\/><\/a><figcaption>\u00c7\u0131t \u00c7\u0131t <\/figcaption><\/figure><\/div>\n\n\n\n<div class=\"wp-block-image\"><figure class=\"alignleft\"><a href=\"https:\/\/web.archive.org\/web\/20180905161033\/http:\/\/www.kuafor.me\/wp-content\/uploads\/2010\/10\/cit-cit-sac-postis-kestane.jpg\" rel=\"wp-prettyPhoto[24]\"><img decoding=\"async\" src=\"https:\/\/web.archive.org\/web\/20180905161033im_\/http:\/\/www.kuafor.me\/wp-content\/uploads\/2010\/10\/cit-cit-sac-postis-kestane-225x300.jpg\" alt=\"\u00c7\u0131t \u00c7\u0131t \" class=\"wp-image-120\"\/><\/a><figcaption>\u00c7\u0131t \u00c7\u0131t <\/figcaption><\/figure><\/div>\n\n\n\n<div class=\"wp-block-image\"><figure class=\"alignleft\"><a href=\"https:\/\/web.archive.org\/web\/20180905161033\/http:\/\/www.kuafor.me\/wp-content\/uploads\/2010\/10\/cit-cit-sac-postis-balyaj.jpg\" rel=\"wp-prettyPhoto[24]\"><img decoding=\"async\" src=\"https:\/\/web.archive.org\/web\/20180905161033im_\/http:\/\/www.kuafor.me\/wp-content\/uploads\/2010\/10\/cit-cit-sac-postis-balyaj-225x300.jpg\" alt=\"\u00c7\u0131t \u00c7\u0131t  Karamel Balyaj\" class=\"wp-image-118\"\/><\/a><figcaption>\u00c7\u0131t \u00c7\u0131t  Karamel Balyaj<\/figcaption><\/figure><\/div>\n\n\n\n<div class=\"wp-block-image\"><figure class=\"alignleft\"><a href=\"https:\/\/web.archive.org\/web\/20180905161033\/http:\/\/www.kuafor.me\/wp-content\/uploads\/2010\/10\/cit-cit-sac-postis16.jpg\" rel=\"wp-prettyPhoto[24]\"><img decoding=\"async\" src=\"https:\/\/web.archive.org\/web\/20180905161033im_\/http:\/\/www.kuafor.me\/wp-content\/uploads\/2010\/10\/cit-cit-sac-postis16-225x300.jpg\" alt=\"\u00c7\u0131t \u00c7\u0131t  \" class=\"wp-image-117\"\/><\/a><figcaption>\u00c7\u0131t \u00c7\u0131t  <\/figcaption><\/figure><\/div>\n\n\n\n<div class=\"wp-block-image\"><figure class=\"alignleft\"><a href=\"https:\/\/web.archive.org\/web\/20180905161033\/http:\/\/www.kuafor.me\/wp-content\/uploads\/2010\/10\/cit-cit-sac-postis14.jpg\" rel=\"wp-prettyPhoto[24]\"><img decoding=\"async\" src=\"https:\/\/web.archive.org\/web\/20180905161033im_\/http:\/\/www.kuafor.me\/wp-content\/uploads\/2010\/10\/cit-cit-sac-postis14-225x300.jpg\" alt=\"\u00c7\u0131t \u00c7\u0131t  \" class=\"wp-image-116\"\/><\/a><figcaption>\u00c7\u0131t \u00c7\u0131t  <\/figcaption><\/figure><\/div>\n\n\n\n<div class=\"wp-block-image\"><figure class=\"alignleft\"><a href=\"https:\/\/web.archive.org\/web\/20180905161033\/http:\/\/www.kuafor.me\/wp-content\/uploads\/2010\/10\/cit-cit-sac-postis13.jpg\" rel=\"wp-prettyPhoto[24]\"><img decoding=\"async\" src=\"https:\/\/web.archive.org\/web\/20180905161033im_\/http:\/\/www.kuafor.me\/wp-content\/uploads\/2010\/10\/cit-cit-sac-postis13-225x300.jpg\" alt=\"\u00c7\u0131t \u00c7\u0131t  \" class=\"wp-image-115\"\/><\/a><figcaption>\u00c7\u0131t \u00c7\u0131t  <\/figcaption><\/figure><\/div>\n\n\n\n<div class=\"wp-block-image\"><figure class=\"alignleft\"><a href=\"https:\/\/web.archive.org\/web\/20180905161033\/http:\/\/www.kuafor.me\/wp-content\/uploads\/2010\/10\/cit-cit-sac-postis12.jpg\" rel=\"wp-prettyPhoto[24]\"><img decoding=\"async\" src=\"https:\/\/web.archive.org\/web\/20180905161033im_\/http:\/\/www.kuafor.me\/wp-content\/uploads\/2010\/10\/cit-cit-sac-postis12-225x300.jpg\" alt=\"\u00c7\u0131t \u00c7\u0131t  \" class=\"wp-image-114\"\/><\/a><figcaption>\u00c7\u0131t \u00c7\u0131t  <\/figcaption><\/figure><\/div>\n\n\n\n<div class=\"wp-block-image\"><figure class=\"alignleft\"><a href=\"https:\/\/web.archive.org\/web\/20180905161033\/http:\/\/www.kuafor.me\/wp-content\/uploads\/2010\/10\/cit-cit-sac-postis11.jpg\" rel=\"wp-prettyPhoto[24]\"><img decoding=\"async\" src=\"https:\/\/web.archive.org\/web\/20180905161033im_\/http:\/\/www.kuafor.me\/wp-content\/uploads\/2010\/10\/cit-cit-sac-postis11-225x300.jpg\" alt=\"\u00c7\u0131t \u00c7\u0131t  \" class=\"wp-image-113\"\/><\/a><figcaption>\u00c7\u0131t \u00c7\u0131t  <\/figcaption><\/figure><\/div>\n\n\n\n<div class=\"wp-block-image\"><figure class=\"alignleft\"><a href=\"https:\/\/web.archive.org\/web\/20180905161033\/http:\/\/www.kuafor.me\/wp-content\/uploads\/2010\/10\/cit-cit-sac-postis10.jpg\" rel=\"wp-prettyPhoto[24]\"><img decoding=\"async\" src=\"https:\/\/web.archive.org\/web\/20180905161033im_\/http:\/\/www.kuafor.me\/wp-content\/uploads\/2010\/10\/cit-cit-sac-postis10-225x300.jpg\" alt=\"\u00c7\u0131t \u00c7\u0131t  \" class=\"wp-image-112\"\/><\/a><figcaption>\u00c7\u0131t \u00c7\u0131t  <\/figcaption><\/figure><\/div>\n\n\n\n<div class=\"wp-block-image\"><figure class=\"alignleft\"><a href=\"https:\/\/web.archive.org\/web\/20180905161033\/http:\/\/www.kuafor.me\/wp-content\/uploads\/2010\/10\/cit-cit-sac-postis9.jpg\" rel=\"wp-prettyPhoto[24]\"><img decoding=\"async\" src=\"https:\/\/web.archive.org\/web\/20180905161033im_\/http:\/\/www.kuafor.me\/wp-content\/uploads\/2010\/10\/cit-cit-sac-postis9-225x300.jpg\" alt=\"\u00c7\u0131t \u00c7\u0131t  \" class=\"wp-image-111\"\/><\/a><figcaption>\u00c7\u0131t \u00c7\u0131t  <\/figcaption><\/figure><\/div>\n\n\n\n<div class=\"wp-block-image\"><figure class=\"alignleft\"><a href=\"https:\/\/web.archive.org\/web\/20180905161033\/http:\/\/www.kuafor.me\/wp-content\/uploads\/2010\/10\/cit-cit-sac-postis8.jpg\" rel=\"wp-prettyPhoto[24]\"><img decoding=\"async\" src=\"https:\/\/web.archive.org\/web\/20180905161033im_\/http:\/\/www.kuafor.me\/wp-content\/uploads\/2010\/10\/cit-cit-sac-postis8-225x300.jpg\" alt=\"\u00c7\u0131t \u00c7\u0131t  \" class=\"wp-image-110\"\/><\/a><figcaption>\u00c7\u0131t \u00c7\u0131t  <\/figcaption><\/figure><\/div>\n\n\n\n<div class=\"wp-block-image\"><figure class=\"alignleft\"><a href=\"https:\/\/web.archive.org\/web\/20180905161033\/http:\/\/www.kuafor.me\/wp-content\/uploads\/2010\/10\/cit-cit-sac-posti-15.jpg\" rel=\"wp-prettyPhoto[24]\"><img decoding=\"async\" src=\"https:\/\/web.archive.org\/web\/20180905161033im_\/http:\/\/www.kuafor.me\/wp-content\/uploads\/2010\/10\/cit-cit-sac-posti-15-225x300.jpg\" alt=\"\u00c7\u0131t \u00c7\u0131t  \" class=\"wp-image-108\"\/><\/a><figcaption>\u00c7\u0131t \u00c7\u0131t  <\/figcaption><\/figure><\/div>\n\n\n\n<div class=\"wp-block-image\"><figure class=\"alignleft\"><a href=\"https:\/\/web.archive.org\/web\/20180905161033\/http:\/\/www.kuafor.me\/wp-content\/uploads\/2010\/10\/cit-cit-sac-postis.jpg\" rel=\"wp-prettyPhoto[24]\"><img decoding=\"async\" src=\"https:\/\/web.archive.org\/web\/20180905161033im_\/http:\/\/www.kuafor.me\/wp-content\/uploads\/2010\/10\/cit-cit-sac-postis-225x300.jpg\" alt=\"\u00c7\u0131t \u00c7\u0131t \" class=\"wp-image-109\"\/><\/a><figcaption>\u00c7\u0131t \u00c7\u0131t <\/figcaption><\/figure><\/div>\n\n\n\n<div class=\"wp-block-image\"><figure class=\"alignleft\"><a href=\"https:\/\/web.archive.org\/web\/20180905161033\/http:\/\/www.kuafor.me\/wp-content\/uploads\/2010\/10\/cit-cit-sac-postis-sari.jpg\" rel=\"wp-prettyPhoto[24]\"><img decoding=\"async\" src=\"https:\/\/web.archive.org\/web\/20180905161033im_\/http:\/\/www.kuafor.me\/wp-content\/uploads\/2010\/10\/cit-cit-sac-postis-sari-225x300.jpg\" alt=\"\u00c7\u0131t \u00c7\u0131t  Sari\" class=\"wp-image-124\"\/><\/a><figcaption>\u00c7\u0131t \u00c7\u0131t  Sari<\/figcaption><\/figure><\/div>\n","protected":false},"excerpt":{"rendered":"<p>\u00c7\u0131t \u00c7\u0131t Posti\u015f Sa\u00e7 Ger\u00e7ek \u0130insan sa\u00e7\u0131 \u00e7\u0131t \u00e7\u0131t ve posti\u015f setleri sosyal ya\u015fant\u0131m\u0131zda bak\u0131ml\u0131 sa\u00e7lara her an sahip olman\u0131n kolay bir yolu. \u00c7\u0131t \u00c7\u0131t Posti\u015f set halinde sat\u0131lmaktad\u0131r. \u00c7\u0131t \u00c7\u0131t Posti\u015f sa\u00e7lar\u0131 istedi\u011finiz adet ve miktarda ihtiyac\u0131n\u0131za g\u00f6re sat\u0131n alabilirsiniz. \u00c7\u0131t \u00c7\u0131t Posti\u015f sa\u00e7lar\u0131m\u0131z 100% Ger\u00e7ek<\/p>\n","protected":false},"author":1,"featured_media":0,"parent":0,"menu_order":0,"comment_status":"closed","ping_status":"closed","template":"","meta":{"footnotes":""},"tags":[7,12,8,11,9,13,10],"class_list":["post-24","page","type-page","status-publish","hentry","tag-cit-cit","tag-cit-cit-nasil-takilir","tag-cit-cit-postis-sac","tag-cit-cit-sac","tag-cit-cit-set","tag-postis-nasil-takilir","tag-postis-sac"],"aioseo_notices":[],"_links":{"self":[{"href":"http:\/\/kuafor.me\/index.php\/wp-json\/wp\/v2\/pages\/24","targetHints":{"allow":["GET"]}}],"collection":[{"href":"http:\/\/kuafor.me\/index.php\/wp-json\/wp\/v2\/pages"}],"about":[{"href":"http:\/\/kuafor.me\/index.php\/wp-json\/wp\/v2\/types\/page"}],"author":[{"embeddable":true,"href":"http:\/\/kuafor.me\/index.php\/wp-json\/wp\/v2\/users\/1"}],"replies":[{"embeddable":true,"href":"http:\/\/kuafor.me\/index.php\/wp-json\/wp\/v2\/comments?post=24"}],"version-history":[{"count":1,"href":"http:\/\/kuafor.me\/index.php\/wp-json\/wp\/v2\/pages\/24\/revisions"}],"predecessor-version":[{"id":26,"href":"http:\/\/kuafor.me\/index.php\/wp-json\/wp\/v2\/pages\/24\/revisions\/26"}],"wp:attachment":[{"href":"http:\/\/kuafor.me\/index.php\/wp-json\/wp\/v2\/media?parent=24"}],"wp:term":[{"taxonomy":"post_tag","embeddable":true,"href":"http:\/\/kuafor.me\/index.php\/wp-json\/wp\/v2\/tags?post=24"}],"curies":[{"name":"wp","href":"https:\/\/api.w.org\/{rel}","templated":true}]}}