{"id":27,"date":"2019-07-25T10:35:42","date_gmt":"2019-07-25T07:35:42","guid":{"rendered":"http:\/\/kuafor.me\/?page_id=27"},"modified":"2024-11-14T19:50:20","modified_gmt":"2024-11-14T16:50:20","slug":"gelin-basi","status":"publish","type":"page","link":"http:\/\/kuafor.me\/index.php\/gelin-basi\/","title":{"rendered":"Gelin Ba\u015f\u0131"},"content":{"rendered":"\n<h1 class=\"wp-block-heading\">Gelin Ba\u015f\u0131<\/h1>\n\n\n\n<div class=\"wp-block-image\"><figure class=\"aligncenter\"><a href=\"https:\/\/web.archive.org\/web\/20180905163018\/http:\/\/www.kuafor.me\/wp-content\/uploads\/2010\/10\/SACH-Kuaf\u00f6r-Abiye-Topuz-Sa\u00e7-Modelleri-2.jpg\"><img decoding=\"async\" src=\"https:\/\/web.archive.org\/web\/20180905163018im_\/http:\/\/www.kuafor.me\/wp-content\/uploads\/2010\/10\/SACH-Kuaf\u00f6r-Abiye-Topuz-Sa\u00e7-Modelleri-2.jpg\" alt=\"SACH Kuaf\u00f6r Abiye Topuz Sa\u00e7 Modelleri \" class=\"wp-image-28\"\/><\/a><figcaption>  SACH Kuaf\u00f6r Abiye Topuz Sa\u00e7 Modelleri   <\/figcaption><\/figure><\/div>\n\n\n\n<p><strong>Gelin Sa\u00e7<\/strong>\u0131 D\u00fcnya \u00fczerinde \nya\u015fayan b\u00fct\u00fcn kad\u0131nlar\u0131n&nbsp; Asya , Avrupa, Amerika ve Uzakdo\u011fu \u00fclkelerinde\n bir kad\u0131n\u0131n en \u00f6zel ve g\u00fczel olmas\u0131 gerekti\u011fi d\u00fc\u015f\u00fcn\u00fclen g\u00fcn olan \nEvlili\u011fe ilk ad\u0131m olan D\u00fc\u011f\u00fcn g\u00fcn\u00fc <strong>Gelin Ba\u015f\u0131<\/strong>nda olmas\u0131 gereken <strong>Gelin Sa\u00e7\u0131<\/strong>, <strong>Gelin Makyaj\u0131<\/strong> \u00f6zenle yap\u0131lacak olan en \u00f6zenli ve \u00f6nemli estetik ve kozmetik bir \u00e7al\u0131\u015fmad\u0131r.<\/p>\n\n\n\n<p>D\u00fc\u011f\u00fcn g\u00fcn\u00fc yap\u0131lacak olan <strong>Gelin Ba\u015f\u0131<\/strong> Bu kadar \u00f6nemli olan \u00f6zel g\u00fcn\u00fcn\u00fczde kendinize verdi\u011finiz de\u011ferin bir par\u00e7as\u0131 olarak <strong>Gelin Sa\u00e7\u0131<\/strong>n\u0131z\u0131n Profesyonel ve g\u00fcvenilir i\u015fini bilen ki\u015filerin elinden \u00e7\u0131kmas\u0131 gerekir.<\/p>\n\n\n\n<div class=\"wp-block-image\"><figure class=\"alignright\"><a href=\"https:\/\/web.archive.org\/web\/20180905163018\/http:\/\/www.kuafor.me\/wp-content\/uploads\/2010\/10\/SACH-Kuaf\u00f6r-Abiye-Topuz-Sa\u00e7-Modelleri-1.jpg\"><img decoding=\"async\" src=\"https:\/\/web.archive.org\/web\/20180905163018im_\/http:\/\/www.kuafor.me\/wp-content\/uploads\/2010\/10\/SACH-Kuaf\u00f6r-Abiye-Topuz-Sa\u00e7-Modelleri-1.jpg\" alt=\"SACH Kuaf\u00f6r Abiye Topuz Sa\u00e7 Modelleri\" class=\"wp-image-30\"\/><\/a><figcaption>SACH Kuaf\u00f6r Abiye Topuz Sa\u00e7 Modelleri <\/figcaption><\/figure><\/div>\n\n\n\n<p><strong>Gelinba\u015f\u0131<\/strong> , <strong>Gelin Topuz<\/strong> <strong>Sa\u00e7 modelleri<\/strong> uygulamas\u0131n\u0131 Y\u0131llar\u0131n deneyimli ustas\u0131 <em><strong>Kuaf\u00f6r<\/strong><\/em> Murat Koluk\u0131r\u0131k\u2019a emanet ederek en \u00f6nemli g\u00fcn\u00fcn\u00fcz\u00fcn m\u00fckemmel ge\u00e7mesi i\u00e7in i\u015fi \u015fansa b\u0131rakmay\u0131n. Kuaf\u00f6r Murat Koluk\u0131r\u0131k \u00f6zel <strong>gelin sa\u00e7 modelleri<\/strong> tasar\u0131m\u0131 i\u00e7in alm\u0131\u015f ald\u0131\u011f\u0131 \u00f6zel tasar\u0131m topuz modelleri ve ki\u015fiye \u00f6zel olan \u00e7al\u0131\u015fma \u201c<strong>Haute Couture Bridal Hair Designer<\/strong>\u201d Kuaf\u00f6r Murat Koluk\u0131r\u0131k Haute Couture Hair Designer e\u011fitimi ile sizlere farkl\u0131 <strong>gelin sa\u00e7lar\u0131<\/strong> sunmaktad\u0131r.<\/p>\n\n\n\n<p><strong>Gelinba\u015f\u0131<\/strong> , <strong>Gelin Topuz<\/strong> <strong>Sa\u00e7 modelleri<\/strong> uygulamas\u0131n\u0131 Y\u0131llar\u0131n deneyimli ustas\u0131 <em><strong>Kuaf\u00f6r<\/strong><\/em> Murat Koluk\u0131r\u0131k\u2019a emanet ederek en \u00f6nemli g\u00fcn\u00fcn\u00fcz\u00fcn m\u00fckemmel ge\u00e7mesi i\u00e7in i\u015fi \u015fansa b\u0131rakmay\u0131n. Kuaf\u00f6r Murat Koluk\u0131r\u0131k \u00f6zel <strong>gelin sa\u00e7 modelleri<\/strong> tasar\u0131m\u0131 i\u00e7in alm\u0131\u015f ald\u0131\u011f\u0131 \u00f6zel tasar\u0131m topuz modelleri ve ki\u015fiye \u00f6zel olan \u00e7al\u0131\u015fma \u201c<strong>Haute Couture Bridal Hair Designer<\/strong>\u201d Kuaf\u00f6r Murat Koluk\u0131r\u0131k Haute Couture Hair Designer e\u011fitimi ile sizlere farkl\u0131 <strong>gelin sa\u00e7lar\u0131<\/strong> sunmaktad\u0131r.<\/p>\n\n\n\n<div class=\"wp-block-image\"><figure class=\"alignleft\"><a href=\"https:\/\/web.archive.org\/web\/20180905163018\/http:\/\/www.kuafor.me\/wp-content\/uploads\/2010\/10\/SACH-Kuaf\u00f6r-Abiye-Topuz-Sa\u00e7-Modelleri.jpg\"><img decoding=\"async\" src=\"https:\/\/web.archive.org\/web\/20180905163018im_\/http:\/\/www.kuafor.me\/wp-content\/uploads\/2010\/10\/SACH-Kuaf\u00f6r-Abiye-Topuz-Sa\u00e7-Modelleri.jpg\" alt=\"SACH Kuaf\u00f6r Abiye Topuz Sa\u00e7 Modelleri \" class=\"wp-image-29\"\/><\/a><figcaption>  SACH Kuaf\u00f6r Abiye Topuz Sa\u00e7 Modelleri   <\/figcaption><\/figure><\/div>\n","protected":false},"excerpt":{"rendered":"<p>Gelin Ba\u015f\u0131 Gelin Sa\u00e7\u0131 D\u00fcnya \u00fczerinde ya\u015fayan b\u00fct\u00fcn kad\u0131nlar\u0131n&nbsp; Asya , Avrupa, Amerika ve Uzakdo\u011fu \u00fclkelerinde bir kad\u0131n\u0131n en \u00f6zel ve g\u00fczel olmas\u0131 gerekti\u011fi d\u00fc\u015f\u00fcn\u00fclen g\u00fcn olan Evlili\u011fe ilk ad\u0131m olan D\u00fc\u011f\u00fcn g\u00fcn\u00fc Gelin Ba\u015f\u0131nda olmas\u0131 gereken Gelin Sa\u00e7\u0131, Gelin Makyaj\u0131 \u00f6zenle yap\u0131lacak olan en \u00f6zenli ve<\/p>\n","protected":false},"author":1,"featured_media":0,"parent":0,"menu_order":0,"comment_status":"closed","ping_status":"closed","template":"","meta":{"footnotes":""},"tags":[],"class_list":["post-27","page","type-page","status-publish","hentry"],"aioseo_notices":[],"_links":{"self":[{"href":"http:\/\/kuafor.me\/index.php\/wp-json\/wp\/v2\/pages\/27","targetHints":{"allow":["GET"]}}],"collection":[{"href":"http:\/\/kuafor.me\/index.php\/wp-json\/wp\/v2\/pages"}],"about":[{"href":"http:\/\/kuafor.me\/index.php\/wp-json\/wp\/v2\/types\/page"}],"author":[{"embeddable":true,"href":"http:\/\/kuafor.me\/index.php\/wp-json\/wp\/v2\/users\/1"}],"replies":[{"embeddable":true,"href":"http:\/\/kuafor.me\/index.php\/wp-json\/wp\/v2\/comments?post=27"}],"version-history":[{"count":1,"href":"http:\/\/kuafor.me\/index.php\/wp-json\/wp\/v2\/pages\/27\/revisions"}],"predecessor-version":[{"id":29,"href":"http:\/\/kuafor.me\/index.php\/wp-json\/wp\/v2\/pages\/27\/revisions\/29"}],"wp:attachment":[{"href":"http:\/\/kuafor.me\/index.php\/wp-json\/wp\/v2\/media?parent=27"}],"wp:term":[{"taxonomy":"post_tag","embeddable":true,"href":"http:\/\/kuafor.me\/index.php\/wp-json\/wp\/v2\/tags?post=27"}],"curies":[{"name":"wp","href":"https:\/\/api.w.org\/{rel}","templated":true}]}}