{"id":30,"date":"2019-07-25T10:37:53","date_gmt":"2019-07-25T07:37:53","guid":{"rendered":"http:\/\/kuafor.me\/?page_id=30"},"modified":"2024-11-14T19:50:20","modified_gmt":"2024-11-14T16:50:20","slug":"makyaj","status":"publish","type":"page","link":"http:\/\/kuafor.me\/index.php\/makyaj\/","title":{"rendered":"Makyaj"},"content":{"rendered":"\n<h1 class=\"wp-block-heading\">Makyaj<\/h1>\n\n\n\n<div class=\"wp-block-image\"><figure class=\"aligncenter\"><a href=\"https:\/\/web.archive.org\/web\/20181106085538\/http:\/\/www.kuafor.me\/wp-content\/uploads\/2010\/10\/profesyonel-makyaj.jpg\" rel=\"wp-prettyPhoto[30]\"><img decoding=\"async\" src=\"https:\/\/web.archive.org\/web\/20181106085538im_\/http:\/\/www.kuafor.me\/wp-content\/uploads\/2010\/10\/profesyonel-makyaj-300x300.jpg\" alt=\"Profesyonel Makyaj\" class=\"wp-image-56\"\/><\/a><figcaption>Profesyonel Makyaj<\/figcaption><\/figure><\/div>\n\n\n\n<p>Makyaj daha do\u011frusu Profesyonel Makyaj g\u00fcnl\u00fck yapm\u0131\u015f oldu\u011funuz \nmakyajdan farkl\u0131 olarak bir tak\u0131m makyaj teknikleri kullan\u0131larak \nyap\u0131l\u0131r.<\/p>\n\n\n\n<p>Makyaj uygulamalar\u0131&nbsp; ki\u015filerin fiziksel \u00f6zelliklerinin g\u00f6z , y\u00fcz \nkemik yap\u0131s\u0131 ve ten rengine g\u00f6re yap\u0131lmas\u0131 gereken bir sanatsal \n\u00e7al\u0131\u015fmad\u0131r. Yurd\u0131\u015f\u0131nda makyaj yapan ki\u015filere MakeUp Artist \ndenilmektedir, Bildi\u011finiz gibi Artist sanat uygulayan ki\u015fiye denir. \nDolay\u0131s\u0131 ile d\u00fcnya \u00fczerinde Makyaj bir sanat dal\u0131 olarak kabul \ng\u00f6rmektedir.<\/p>\n\n\n\n<p>Profeyonel Makyaj yap\u0131l\u0131rken profesyonel maky\u00f6zlerin dikkat ettikleri konular s\u0131ras\u0131yla \u015f\u00f6yledir,<\/p>\n\n\n\n<div class=\"wp-block-image\"><figure class=\"alignright\"><a href=\"https:\/\/web.archive.org\/web\/20181106085538\/http:\/\/www.kuafor.me\/wp-content\/uploads\/2010\/10\/makyaj-nasil-yapilir.jpg\" rel=\"wp-prettyPhoto[30]\"><img decoding=\"async\" src=\"https:\/\/web.archive.org\/web\/20181106085538im_\/http:\/\/www.kuafor.me\/wp-content\/uploads\/2010\/10\/makyaj-nasil-yapilir.jpg\" alt=\"Makyaj Nas\u0131l Yap\u0131lmal\u0131\" class=\"wp-image-58\"\/><\/a><figcaption>Makyaj Nas\u0131l Yap\u0131lmal\u0131<\/figcaption><\/figure><\/div>\n\n\n\n<p>1-Makyaj Malzemelerini do\u011fru kullanma : Ki\u015filerin y\u00fcz yap\u0131lar\u0131na \nuygun makyaj malzemelerini do\u011fru kullanarak.\u00d6rne\u011fin k\u00fc\u00e7\u00fck g\u00f6zlere sahip \nbayanlarda g\u00f6z i\u00e7ine siyah kalem yerine beyaz ya da gri kalem kullanmak \ngibi.Yada dudaklar\u0131 daha b\u00fcy\u00fck g\u00f6stermek i\u00e7in kenarlara daha koyu i\u00e7 \nk\u0131sma daha a\u00e7\u0131k renkte ruj veya parlat\u0131c\u0131 kullanmak gibi\u2026<\/p>\n\n\n\n<p>2-G\u00f6z \u015eekli ve yap\u0131s\u0131na, Rengine g\u00f6re Makyaj Yapma :Ki\u015filerin g\u00f6z \nyap\u0131s\u0131na ve regngine g\u00f6re G\u00f6z makyaj\u0131nda kullan\u0131lan renklerde de\u011fi\u015fiklik\n g\u00f6sterir.Ayn\u0131 \u015fekilde ki\u015filerin sa\u00e7 rengi,ten rengi ve y\u00fcz yap\u0131s\u0131nda \nfarkl\u0131l\u0131klara g\u00f6re makyaj yapmak gerekir.<\/p>\n\n\n\n<div class=\"wp-block-image\"><figure class=\"alignleft\"><a href=\"https:\/\/web.archive.org\/web\/20181106085538\/http:\/\/www.kuafor.me\/wp-content\/uploads\/2010\/10\/profesyonel-makyaj-modelleri.jpg\" rel=\"wp-prettyPhoto[30]\"><img decoding=\"async\" src=\"https:\/\/web.archive.org\/web\/20181106085538im_\/http:\/\/www.kuafor.me\/wp-content\/uploads\/2010\/10\/profesyonel-makyaj-modelleri-218x300.jpg\" alt=\"Profesyonel Makyaj Modelleri\" class=\"wp-image-61\"\/><\/a><figcaption>Profesyonel Makyaj Modelleri<\/figcaption><\/figure><\/div>\n\n\n\n<p>G\u00fczel bir makyaj i\u00e7in Sizlere K\u0131sa t\u00fcyolar ;<\/p>\n\n\n\n<p>Sar\u0131\u015f\u0131n Bayanlar : Kahve tonlar\u0131, Gri ,Mavi ve \nPembeler kullan\u0131labilir.All\u0131k olarak pembe tonlar\u0131 uyumlu olur.&nbsp;&nbsp;&nbsp;&nbsp;&nbsp;&nbsp; \nK\u0131z\u0131l&nbsp;Bayanlar :Kahverengi,Turuncu ,Kiremit Ve Ye\u015filler<\/p>\n\n\n\n<p>Esmer Bayanlar :Canl\u0131 ye\u015filler, Su mavisi ,k\u0131z\u0131l kahveler<\/p>\n\n\n\n<p>Kumral Bayanlar : Toprak ve ye\u015fil tonlar\u0131 kullan\u0131labilir<\/p>\n\n\n\n<p>Ama \u00f6zel g\u00fcnlerinizde Profesyonel bir maky\u00f6zden yard\u0131m almal\u0131s\u0131n\u0131z.<\/p>\n\n\n\n<p><em><strong>Nurg\u00fcl Koluk\u0131r\u0131k \u0130leti\u015fim&nbsp; 0532 301 8690<\/strong><\/em><\/p>\n\n\n\n<p>Birebir ileti\u015fim i\u00e7in sadece bu numaradan araman\u0131z gerekir.<\/p>\n\n\n\n<div class=\"wp-block-image\"><figure class=\"alignleft\"><a href=\"https:\/\/web.archive.org\/web\/20181106085538\/http:\/\/www.kuafor.me\/wp-content\/uploads\/2010\/10\/gelin-makyaji-ornekleri.jpg\" rel=\"wp-prettyPhoto[30]\"><img decoding=\"async\" src=\"https:\/\/web.archive.org\/web\/20181106085538im_\/http:\/\/www.kuafor.me\/wp-content\/uploads\/2010\/10\/gelin-makyaji-ornekleri-150x150.jpg\" alt=\"Gelin Makyaji Ornekleri Nurg\u00fcl Koluk\u0131r\u0131k\" class=\"wp-image-75\"\/><\/a><figcaption>Gelin Makyaji Ornekleri Nurg\u00fcl Koluk\u0131r\u0131k<\/figcaption><\/figure><\/div>\n\n\n\n<div class=\"wp-block-image\"><figure class=\"alignleft\"><a href=\"https:\/\/web.archive.org\/web\/20181106085538\/http:\/\/www.kuafor.me\/wp-content\/uploads\/2010\/10\/smokey-makyaj.jpg\" rel=\"wp-prettyPhoto[30]\"><img decoding=\"async\" src=\"https:\/\/web.archive.org\/web\/20181106085538im_\/http:\/\/www.kuafor.me\/wp-content\/uploads\/2010\/10\/smokey-makyaj-150x150.jpg\" alt=\"Smokey makyaj - Dumanl\u0131 g\u00f6z makyaj\u0131\" class=\"wp-image-73\"\/><\/a><figcaption>Smokey makyaj &#8211; Dumanl\u0131 g\u00f6z makyaj\u0131<\/figcaption><\/figure><\/div>\n\n\n\n<div class=\"wp-block-image\"><figure class=\"alignleft\"><a href=\"https:\/\/web.archive.org\/web\/20181106085538\/http:\/\/www.kuafor.me\/wp-content\/uploads\/2010\/10\/profesyonel-makyaj-2.jpg\" rel=\"wp-prettyPhoto[30]\"><img decoding=\"async\" src=\"https:\/\/web.archive.org\/web\/20181106085538im_\/http:\/\/www.kuafor.me\/wp-content\/uploads\/2010\/10\/profesyonel-makyaj-2-150x150.jpg\" alt=\"Profesyonel Gelin Makyaj\u0131\" class=\"wp-image-72\"\/><\/a><figcaption>Profesyonel Gelin Makyaj\u0131 Uygulamas\u0131<\/figcaption><\/figure><\/div>\n\n\n\n<div class=\"wp-block-image\"><figure class=\"alignleft\"><a href=\"https:\/\/web.archive.org\/web\/20181106085538\/http:\/\/www.kuafor.me\/wp-content\/uploads\/2010\/10\/gelin-makyaji-modelleri.jpg\" rel=\"wp-prettyPhoto[30]\"><img decoding=\"async\" src=\"https:\/\/web.archive.org\/web\/20181106085538im_\/http:\/\/www.kuafor.me\/wp-content\/uploads\/2010\/10\/gelin-makyaji-modelleri-150x150.jpg\" alt=\"Gelin Makyaj\u0131\" class=\"wp-image-71\"\/><\/a><figcaption>Gelin Makyaj\u0131<\/figcaption><\/figure><\/div>\n\n\n\n<div class=\"wp-block-image\"><figure class=\"alignleft\"><a href=\"https:\/\/web.archive.org\/web\/20181106085538\/http:\/\/www.kuafor.me\/wp-content\/uploads\/2010\/10\/Gelin-makyaji.jpg\" rel=\"wp-prettyPhoto[30]\"><img decoding=\"async\" src=\"https:\/\/web.archive.org\/web\/20181106085538im_\/http:\/\/www.kuafor.me\/wp-content\/uploads\/2010\/10\/Gelin-makyaji-150x150.jpg\" alt=\"Gelin Makyaj\u0131\" class=\"wp-image-70\"\/><\/a><figcaption>Gelin Makyaj\u0131<\/figcaption><\/figure><\/div>\n\n\n\n<div class=\"wp-block-image\"><figure class=\"aligncenter\"><a href=\"https:\/\/web.archive.org\/web\/20181106085538\/http:\/\/www.kuafor.me\/wp-content\/uploads\/2010\/10\/profesyonel-makyoz1.jpg\" rel=\"wp-prettyPhoto[30]\"><img decoding=\"async\" src=\"https:\/\/web.archive.org\/web\/20181106085538im_\/http:\/\/www.kuafor.me\/wp-content\/uploads\/2010\/10\/profesyonel-makyoz1-150x150.jpg\" alt=\"Profesyonel Makyaj\" class=\"wp-image-69\"\/><\/a><figcaption>Profesyonel Makyaj<\/figcaption><\/figure><\/div>\n\n\n\n<p style=\"text-align:left\">A\u015fa\u011f\u0131da G\u00f6z makyaj\u0131 \u00f6rneklerine de bakabilirsiniz.<\/p>\n\n\n\n<div class=\"wp-block-image\"><figure class=\"alignleft\"><a href=\"https:\/\/web.archive.org\/web\/20181106085538\/http:\/\/www.kuafor.me\/wp-content\/uploads\/2010\/10\/71888_459047386464_388171431464_4987574_2659853_n.jpg\" rel=\"wp-prettyPhoto[30]\"><img decoding=\"async\" src=\"https:\/\/web.archive.org\/web\/20181106085538im_\/http:\/\/www.kuafor.me\/wp-content\/uploads\/2010\/10\/71888_459047386464_388171431464_4987574_2659853_n-150x150.jpg\" alt=\"G\u00f6z Makyaj\u0131 \u00d6rne\u011fi\" class=\"wp-image-40\"\/><\/a><figcaption>G\u00f6z Makyaj\u0131 \u00d6rne\u011fi<\/figcaption><\/figure><\/div>\n\n\n\n<div class=\"wp-block-image\"><figure class=\"alignleft\"><a href=\"https:\/\/web.archive.org\/web\/20181106085538\/http:\/\/www.kuafor.me\/wp-content\/uploads\/2010\/10\/71669_459047316464_388171431464_4987573_4120650_n.jpg\" rel=\"wp-prettyPhoto[30]\"><img decoding=\"async\" src=\"https:\/\/web.archive.org\/web\/20181106085538im_\/http:\/\/www.kuafor.me\/wp-content\/uploads\/2010\/10\/71669_459047316464_388171431464_4987573_4120650_n-150x150.jpg\" alt=\"G\u00f6z Makyaj\u0131 \u00d6rne\u011fi\" class=\"wp-image-48\"\/><\/a><figcaption>G\u00f6z Makyaj\u0131 \u00d6rne\u011fi<\/figcaption><\/figure><\/div>\n\n\n\n<div class=\"wp-block-image\"><figure class=\"alignleft\"><a href=\"https:\/\/web.archive.org\/web\/20181106085538\/http:\/\/www.kuafor.me\/wp-content\/uploads\/2010\/10\/68014_459047061464_388171431464_4987566_4362594_n.jpg\" rel=\"wp-prettyPhoto[30]\"><img decoding=\"async\" src=\"https:\/\/web.archive.org\/web\/20181106085538im_\/http:\/\/www.kuafor.me\/wp-content\/uploads\/2010\/10\/68014_459047061464_388171431464_4987566_4362594_n-150x150.jpg\" alt=\"G\u00f6z Makyaj\u0131 \u00d6rne\u011fi\" class=\"wp-image-47\"\/><\/a><figcaption>G\u00f6z Makyaj\u0131 \u00d6rne\u011fi<\/figcaption><\/figure><\/div>\n\n\n\n<div class=\"wp-block-image\"><figure class=\"alignleft\"><a href=\"https:\/\/web.archive.org\/web\/20181106085538\/http:\/\/www.kuafor.me\/wp-content\/uploads\/2010\/10\/67342_459047446464_388171431464_4987576_2288582_n.jpg\" rel=\"wp-prettyPhoto[30]\"><img decoding=\"async\" src=\"https:\/\/web.archive.org\/web\/20181106085538im_\/http:\/\/www.kuafor.me\/wp-content\/uploads\/2010\/10\/67342_459047446464_388171431464_4987576_2288582_n-150x150.jpg\" alt=\"G\u00f6z Makyaj\u0131 \u00d6rne\u011fi\" class=\"wp-image-46\"\/><\/a><figcaption>G\u00f6z Makyaj\u0131 \u00d6rne\u011fi<\/figcaption><\/figure><\/div>\n\n\n\n<div class=\"wp-block-image\"><figure class=\"alignleft\"><a href=\"https:\/\/web.archive.org\/web\/20181106085538\/http:\/\/www.kuafor.me\/wp-content\/uploads\/2010\/10\/66980_459047256464_388171431464_4987572_2228526_n.jpg\" rel=\"wp-prettyPhoto[30]\"><img decoding=\"async\" src=\"https:\/\/web.archive.org\/web\/20181106085538im_\/http:\/\/www.kuafor.me\/wp-content\/uploads\/2010\/10\/66980_459047256464_388171431464_4987572_2228526_n-150x150.jpg\" alt=\"G\u00f6z Makyaj\u0131 \u00d6rne\u011fi\" class=\"wp-image-45\"\/><\/a><figcaption>G\u00f6z Makyaj\u0131 \u00d6rne\u011fi<\/figcaption><\/figure><\/div>\n\n\n\n<div class=\"wp-block-image\"><figure class=\"alignleft\"><a href=\"https:\/\/web.archive.org\/web\/20181106085538\/http:\/\/www.kuafor.me\/wp-content\/uploads\/2010\/10\/66902_459047236464_388171431464_4987571_6281657_n.jpg\" rel=\"wp-prettyPhoto[30]\"><img decoding=\"async\" src=\"https:\/\/web.archive.org\/web\/20181106085538im_\/http:\/\/www.kuafor.me\/wp-content\/uploads\/2010\/10\/66902_459047236464_388171431464_4987571_6281657_n-150x150.jpg\" alt=\"G\u00f6z Makyaj\u0131 \u00d6rne\u011fi\" class=\"wp-image-44\"\/><\/a><figcaption>G\u00f6z Makyaj\u0131 \u00d6rne\u011fi<\/figcaption><\/figure><\/div>\n\n\n\n<div class=\"wp-block-image\"><figure class=\"alignleft\"><a href=\"https:\/\/web.archive.org\/web\/20181106085538\/http:\/\/www.kuafor.me\/wp-content\/uploads\/2010\/10\/66498_459047156464_388171431464_4987569_3918906_n.jpg\" rel=\"wp-prettyPhoto[30]\"><img decoding=\"async\" src=\"https:\/\/web.archive.org\/web\/20181106085538im_\/http:\/\/www.kuafor.me\/wp-content\/uploads\/2010\/10\/66498_459047156464_388171431464_4987569_3918906_n-150x150.jpg\" alt=\"G\u00f6z Makyaj\u0131 \u00d6rne\u011fi\" class=\"wp-image-43\"\/><\/a><figcaption>G\u00f6z Makyaj\u0131 \u00d6rne\u011fi<\/figcaption><\/figure><\/div>\n\n\n\n<div class=\"wp-block-image\"><figure class=\"alignleft\"><a href=\"https:\/\/web.archive.org\/web\/20181106085538\/http:\/\/www.kuafor.me\/wp-content\/uploads\/2010\/10\/66230_459047421464_388171431464_4987575_7348229_n.jpg\" rel=\"wp-prettyPhoto[30]\"><img decoding=\"async\" src=\"https:\/\/web.archive.org\/web\/20181106085538im_\/http:\/\/www.kuafor.me\/wp-content\/uploads\/2010\/10\/66230_459047421464_388171431464_4987575_7348229_n-150x150.jpg\" alt=\"G\u00f6z Makyaj\u0131 \u00d6rne\u011fi\" class=\"wp-image-42\"\/><\/a><figcaption>G\u00f6z Makyaj\u0131 \u00d6rne\u011fi<\/figcaption><\/figure><\/div>\n\n\n\n<div class=\"wp-block-image\"><figure class=\"alignleft\"><a href=\"https:\/\/web.archive.org\/web\/20181106085538\/http:\/\/www.kuafor.me\/wp-content\/uploads\/2010\/10\/40891_459047031464_388171431464_4987565_5512809_n.jpg\" rel=\"wp-prettyPhoto[30]\"><img decoding=\"async\" src=\"https:\/\/web.archive.org\/web\/20181106085538im_\/http:\/\/www.kuafor.me\/wp-content\/uploads\/2010\/10\/40891_459047031464_388171431464_4987565_5512809_n-150x150.jpg\" alt=\"G\u00f6z Makyaj\u0131 \u00d6rne\u011fi\" class=\"wp-image-41\"\/><\/a><figcaption>G\u00f6z Makyaj\u0131 \u00d6rne\u011fi<\/figcaption><\/figure><\/div>\n","protected":false},"excerpt":{"rendered":"<p>Makyaj Makyaj daha do\u011frusu Profesyonel Makyaj g\u00fcnl\u00fck yapm\u0131\u015f oldu\u011funuz makyajdan farkl\u0131 olarak bir tak\u0131m makyaj teknikleri kullan\u0131larak yap\u0131l\u0131r. Makyaj uygulamalar\u0131&nbsp; ki\u015filerin fiziksel \u00f6zelliklerinin g\u00f6z , y\u00fcz kemik yap\u0131s\u0131 ve ten rengine g\u00f6re yap\u0131lmas\u0131 gereken bir sanatsal \u00e7al\u0131\u015fmad\u0131r. Yurd\u0131\u015f\u0131nda makyaj yapan ki\u015filere MakeUp Artist denilmektedir, Bildi\u011finiz gibi Artist<\/p>\n","protected":false},"author":1,"featured_media":0,"parent":0,"menu_order":0,"comment_status":"closed","ping_status":"closed","template":"","meta":{"footnotes":""},"tags":[],"class_list":["post-30","page","type-page","status-publish","hentry"],"aioseo_notices":[],"_links":{"self":[{"href":"http:\/\/kuafor.me\/index.php\/wp-json\/wp\/v2\/pages\/30","targetHints":{"allow":["GET"]}}],"collection":[{"href":"http:\/\/kuafor.me\/index.php\/wp-json\/wp\/v2\/pages"}],"about":[{"href":"http:\/\/kuafor.me\/index.php\/wp-json\/wp\/v2\/types\/page"}],"author":[{"embeddable":true,"href":"http:\/\/kuafor.me\/index.php\/wp-json\/wp\/v2\/users\/1"}],"replies":[{"embeddable":true,"href":"http:\/\/kuafor.me\/index.php\/wp-json\/wp\/v2\/comments?post=30"}],"version-history":[{"count":6,"href":"http:\/\/kuafor.me\/index.php\/wp-json\/wp\/v2\/pages\/30\/revisions"}],"predecessor-version":[{"id":37,"href":"http:\/\/kuafor.me\/index.php\/wp-json\/wp\/v2\/pages\/30\/revisions\/37"}],"wp:attachment":[{"href":"http:\/\/kuafor.me\/index.php\/wp-json\/wp\/v2\/media?parent=30"}],"wp:term":[{"taxonomy":"post_tag","embeddable":true,"href":"http:\/\/kuafor.me\/index.php\/wp-json\/wp\/v2\/tags?post=30"}],"curies":[{"name":"wp","href":"https:\/\/api.w.org\/{rel}","templated":true}]}}