{"id":51,"date":"2019-07-25T10:50:38","date_gmt":"2019-07-25T07:50:38","guid":{"rendered":"http:\/\/kuafor.me\/?page_id=51"},"modified":"2024-11-14T19:50:20","modified_gmt":"2024-11-14T16:50:20","slug":"sorulariniz-ve-yanitlari","status":"publish","type":"page","link":"http:\/\/kuafor.me\/index.php\/sorulariniz-ve-yanitlari\/","title":{"rendered":"Sorular\u0131n\u0131z Ve Yan\u0131tlar\u0131"},"content":{"rendered":"\n<p>Sa\u00e7lar\u0131n\u0131z hakk\u0131nda Sa\u00e7 Kaynak, Sa\u00e7 Boyas\u0131, Sa\u00e7 Kesimi ve Kuaf\u00f6r\n \u0130\u015flemleri ile \u0130lgi her t\u00fcrl\u00fc sorunuzu \u201cSorular\u0131n\u0131z Ve Yan\u0131tlar\u0131\u201d Bu \nalanda sorabilirsiniz.<\/p>\n\n\n\n<p>Sorular\u0131n\u0131z\u0131 g\u00fczel bir usl\u00fcp ile \u201chadiiiii cvp ama\u201d aceleee nooluuu \nyard\u0131mmmmmm\u201d tarz\u0131nda laubali bir usl\u00fcp ile sormad\u0131\u011f\u0131n\u0131z ya da yaz\u0131n\u0131z\u0131n\n tamam\u0131n\u0131 B\u00dcY\u00dcK HARFLER Kullanarak yazmad\u0131\u011f\u0131n\u0131z s\u00fcrece sorular\u0131n\u0131z \nyan\u0131ts\u0131z kalmaz.<\/p>\n","protected":false},"excerpt":{"rendered":"<p>Sa\u00e7lar\u0131n\u0131z hakk\u0131nda Sa\u00e7 Kaynak, Sa\u00e7 Boyas\u0131, Sa\u00e7 Kesimi ve Kuaf\u00f6r \u0130\u015flemleri ile \u0130lgi her t\u00fcrl\u00fc sorunuzu \u201cSorular\u0131n\u0131z Ve Yan\u0131tlar\u0131\u201d Bu alanda sorabilirsiniz. Sorular\u0131n\u0131z\u0131 g\u00fczel bir usl\u00fcp ile \u201chadiiiii cvp ama\u201d aceleee nooluuu yard\u0131mmmmmm\u201d tarz\u0131nda laubali bir usl\u00fcp ile sormad\u0131\u011f\u0131n\u0131z ya da yaz\u0131n\u0131z\u0131n tamam\u0131n\u0131 B\u00dcY\u00dcK HARFLER Kullanarak yazmad\u0131\u011f\u0131n\u0131z<\/p>\n","protected":false},"author":1,"featured_media":0,"parent":0,"menu_order":0,"comment_status":"closed","ping_status":"closed","template":"","meta":{"footnotes":""},"tags":[],"class_list":["post-51","page","type-page","status-publish","hentry"],"aioseo_notices":[],"_links":{"self":[{"href":"http:\/\/kuafor.me\/index.php\/wp-json\/wp\/v2\/pages\/51","targetHints":{"allow":["GET"]}}],"collection":[{"href":"http:\/\/kuafor.me\/index.php\/wp-json\/wp\/v2\/pages"}],"about":[{"href":"http:\/\/kuafor.me\/index.php\/wp-json\/wp\/v2\/types\/page"}],"author":[{"embeddable":true,"href":"http:\/\/kuafor.me\/index.php\/wp-json\/wp\/v2\/users\/1"}],"replies":[{"embeddable":true,"href":"http:\/\/kuafor.me\/index.php\/wp-json\/wp\/v2\/comments?post=51"}],"version-history":[{"count":1,"href":"http:\/\/kuafor.me\/index.php\/wp-json\/wp\/v2\/pages\/51\/revisions"}],"predecessor-version":[{"id":53,"href":"http:\/\/kuafor.me\/index.php\/wp-json\/wp\/v2\/pages\/51\/revisions\/53"}],"wp:attachment":[{"href":"http:\/\/kuafor.me\/index.php\/wp-json\/wp\/v2\/media?parent=51"}],"wp:term":[{"taxonomy":"post_tag","embeddable":true,"href":"http:\/\/kuafor.me\/index.php\/wp-json\/wp\/v2\/tags?post=51"}],"curies":[{"name":"wp","href":"https:\/\/api.w.org\/{rel}","templated":true}]}}