{"id":58,"date":"2019-07-25T11:17:16","date_gmt":"2019-07-25T08:17:16","guid":{"rendered":"http:\/\/kuafor.me\/?page_id=58"},"modified":"2024-11-14T19:50:20","modified_gmt":"2024-11-14T16:50:20","slug":"iletisim","status":"publish","type":"page","link":"http:\/\/kuafor.me\/index.php\/iletisim\/","title":{"rendered":"\u0130leti\u015fim"},"content":{"rendered":"\n<h1 class=\"wp-block-heading\">Sach <strong>\u00ae <\/strong>Mikro Sa\u00e7 Kaynak Merkezi Adres.<\/h1>\n\n\n<div class=\"wp-block-image\">\n<figure class=\"aligncenter\"><a href=\"http:\/\/sackaynak.com.tr\/wp-content\/uploads\/2014\/11\/sach.jpg\" rel=\"wp-prettyPhoto[58]\"><img decoding=\"async\" src=\"http:\/\/sackaynak.com.tr\/wp-content\/uploads\/2014\/11\/sach-300x200.jpg\" alt=\"sach\" class=\"wp-image-11005\"\/><\/a><\/figure><\/div>\n\n\n<figure><iframe loading=\"lazy\" src=\"https:\/\/www.google.com\/maps\/embed?pb=!1m14!1m8!1m3!1d1505.9174643436645!2d28.7957697!3d40.9850953!3m2!1i1024!2i768!4f13.1!3m3!1m2!1s0x0%3A0x3ca5197afc9a675f!2sSACH+SA%C3%87+KAYNAK+MERKEZ%C4%B0!5e0!3m2!1str!2s!4v1425428846409\" width=\"600\" height=\"450\"><\/iframe><\/figure>\n\n\n\n<p><strong>SACH &amp; VOGUE HAIR FACTORY &amp; HEAD OFFICE<\/strong><\/p>\n\n\n\n<p>Adres: \u015eenlikk\u00f6y Mah. \u00dcniversite Sok. No: 5, Florya, Bak\u0131rk\u00f6y, \u0130stanbul<\/p>\n\n\n\n<p><strong>TELEFON &amp; WhatsApp: +90 532 592 88 42 &nbsp; &nbsp;<\/strong><\/p>\n\n\n\n<p><strong>Telefon : +90 212 542 45 85<\/strong><\/p>\n\n\n\n<p> <\/p>\n","protected":false},"excerpt":{"rendered":"<p>Sach \u00ae Mikro Sa\u00e7 Kaynak Merkezi Adres. SACH &amp; VOGUE HAIR FACTORY &amp; HEAD OFFICE Adres: \u015eenlikk\u00f6y Mah. \u00dcniversite Sok. No: 5, Florya, Bak\u0131rk\u00f6y, \u0130stanbul TELEFON &amp; WhatsApp: +90 532 592 88 42 &nbsp; &nbsp; Telefon : +90 212 542 45 85<\/p>\n","protected":false},"author":1,"featured_media":0,"parent":0,"menu_order":0,"comment_status":"closed","ping_status":"closed","template":"page-Contact.php","meta":{"footnotes":""},"tags":[24,25,23],"class_list":["post-58","page","type-page","status-publish","hentry","tag-iletisim","tag-sac-kaynak-iletisim","tag-sac-kaynak-merkezi"],"aioseo_notices":[],"_links":{"self":[{"href":"http:\/\/kuafor.me\/index.php\/wp-json\/wp\/v2\/pages\/58","targetHints":{"allow":["GET"]}}],"collection":[{"href":"http:\/\/kuafor.me\/index.php\/wp-json\/wp\/v2\/pages"}],"about":[{"href":"http:\/\/kuafor.me\/index.php\/wp-json\/wp\/v2\/types\/page"}],"author":[{"embeddable":true,"href":"http:\/\/kuafor.me\/index.php\/wp-json\/wp\/v2\/users\/1"}],"replies":[{"embeddable":true,"href":"http:\/\/kuafor.me\/index.php\/wp-json\/wp\/v2\/comments?post=58"}],"version-history":[{"count":6,"href":"http:\/\/kuafor.me\/index.php\/wp-json\/wp\/v2\/pages\/58\/revisions"}],"predecessor-version":[{"id":145,"href":"http:\/\/kuafor.me\/index.php\/wp-json\/wp\/v2\/pages\/58\/revisions\/145"}],"wp:attachment":[{"href":"http:\/\/kuafor.me\/index.php\/wp-json\/wp\/v2\/media?parent=58"}],"wp:term":[{"taxonomy":"post_tag","embeddable":true,"href":"http:\/\/kuafor.me\/index.php\/wp-json\/wp\/v2\/tags?post=58"}],"curies":[{"name":"wp","href":"https:\/\/api.w.org\/{rel}","templated":true}]}}